{"id":1922,"date":"2023-03-14T10:36:16","date_gmt":"2023-03-14T10:36:16","guid":{"rendered":"http:\/\/neu.hacker-feinmechanik.de\/medical-technology\/"},"modified":"2024-06-27T11:57:19","modified_gmt":"2024-06-27T10:57:19","slug":"medical-technology","status":"publish","type":"page","link":"https:\/\/hacker-feinmechanik.de\/en\/medical-technology\/","title":{"rendered":"Medical Engineering"},"content":{"rendered":"<div id='full_slider_1'  class='avia-fullwidth-slider main_color avia-shadow   avia-builder-el-0  el_before_av_one_half  avia-builder-el-first   container_wrap fullsize'  ><div  class='avia-slideshow av-lf84ag0d-8424bcf87edc20a4a5a45c68de82b600 avia-slideshow-no scaling av_slideshow_full avia-slide-slider av-slideshow-ui av-control-default av-slideshow-manual av-loop-once av-loop-manual-endless av-default-height-applied   avia-slideshow-1' data-slideshow-options=\"{&quot;animation&quot;:&quot;slide&quot;,&quot;autoplay&quot;:false,&quot;loop_autoplay&quot;:&quot;once&quot;,&quot;interval&quot;:5,&quot;loop_manual&quot;:&quot;manual-endless&quot;,&quot;autoplay_stopper&quot;:false,&quot;noNavigation&quot;:false,&quot;bg_slider&quot;:false,&quot;keep_padding&quot;:false,&quot;hoverpause&quot;:false,&quot;show_slide_delay&quot;:0}\"  itemprop=\"image\" itemscope=\"itemscope\" itemtype=\"https:\/\/schema.org\/ImageObject\" ><ul class='avia-slideshow-inner ' style='padding-bottom: 21.09375%;'><li  class='avia-slideshow-slide av-lf84ag0d-8424bcf87edc20a4a5a45c68de82b600__0  av-single-slide slide-1 slide-odd'><div data-rel='slideshow-1' class='avia-slide-wrap '   ><img decoding=\"async\" fetchpriority=\"high\" class=\"wp-image-1772 avia-img-lazy-loading-not-1772\"  src=\"https:\/\/hacker-feinmechanik.de\/wp-content\/uploads\/2023\/03\/medizintechnik-hacker-feinmechanik-12-12-16-16-01-17.jpg\" width=\"1920\" height=\"405\" title='medizintechnik-hacker-feinmechanik-12-12-16-16-01-17' alt=''  itemprop=\"thumbnailUrl\" srcset=\"https:\/\/hacker-feinmechanik.de\/wp-content\/uploads\/2023\/03\/medizintechnik-hacker-feinmechanik-12-12-16-16-01-17.jpg 1920w, https:\/\/hacker-feinmechanik.de\/wp-content\/uploads\/2023\/03\/medizintechnik-hacker-feinmechanik-12-12-16-16-01-17-300x63.jpg 300w, https:\/\/hacker-feinmechanik.de\/wp-content\/uploads\/2023\/03\/medizintechnik-hacker-feinmechanik-12-12-16-16-01-17-1030x217.jpg 1030w, https:\/\/hacker-feinmechanik.de\/wp-content\/uploads\/2023\/03\/medizintechnik-hacker-feinmechanik-12-12-16-16-01-17-768x162.jpg 768w, https:\/\/hacker-feinmechanik.de\/wp-content\/uploads\/2023\/03\/medizintechnik-hacker-feinmechanik-12-12-16-16-01-17-1536x324.jpg 1536w, https:\/\/hacker-feinmechanik.de\/wp-content\/uploads\/2023\/03\/medizintechnik-hacker-feinmechanik-12-12-16-16-01-17-1500x316.jpg 1500w, https:\/\/hacker-feinmechanik.de\/wp-content\/uploads\/2023\/03\/medizintechnik-hacker-feinmechanik-12-12-16-16-01-17-705x149.jpg 705w\" sizes=\"(max-width: 1920px) 100vw, 1920px\" \/><\/div><\/li><\/ul><\/div><\/div><div id='after_full_slider_1'  class='main_color av_default_container_wrap container_wrap fullsize'  ><div class='container av-section-cont-open' ><div class='template-page content  av-content-full alpha units'><div class='post-entry post-entry-type-page post-entry-1922'><div class='entry-content-wrapper clearfix'>\n<div  class='flex_column av-10k5im-c3da642bbde74c28969d5afc3ad1d7d0 av_one_half  avia-builder-el-1  el_after_av_slideshow_full  el_before_av_one_half  avia-builder-el-first  first flex_column_div  '     ><section  class='av_textblock_section av-lf8497gr-def59dfd8ab3cd8a63d8dd785fa17627 '   itemscope=\"itemscope\" itemtype=\"https:\/\/schema.org\/CreativeWork\" ><div class='avia_textblock'  itemprop=\"text\" ><h2>MEDIZINTECHNIK<\/h2>\n<\/div><\/section><br \/>\n\n<style type=\"text\/css\" data-created_by=\"avia_inline_auto\" id=\"style-css-av-za2ke-734810f609782ef38b07ce3597e6dcd3\">\n#top .hr.av-za2ke-734810f609782ef38b07ce3597e6dcd3{\nmargin-top:10px;\nmargin-bottom:30px;\n}\n.hr.av-za2ke-734810f609782ef38b07ce3597e6dcd3 .hr-inner{\nwidth:80px;\nborder-color:#00519e;\n}\n<\/style>\n<div  class='hr av-za2ke-734810f609782ef38b07ce3597e6dcd3 hr-custom  avia-builder-el-3  el_after_av_textblock  el_before_av_textblock  hr-left hr-icon-no'><span class='hr-inner inner-border-av-border-fat'><span class=\"hr-inner-style\"><\/span><\/span><\/div><br \/>\n<section  class='av_textblock_section av-lf849cwh-51b64334e1bf27c19a242566cd66f1e5 '   itemscope=\"itemscope\" itemtype=\"https:\/\/schema.org\/CreativeWork\" ><div class='avia_textblock'  itemprop=\"text\" ><h3><strong><span style=\"color: #00519e;\">PR\u00c4ZISIONSTEILE F\u00dcR DIE GESUNDHEIT<\/span><\/strong><\/h3>\n<\/div><\/section><\/p><\/div>\n<div  class='flex_column av-qidli-d579e6d21137ba49854ba102f257ad26 av_one_half  avia-builder-el-5  el_after_av_one_half  el_before_av_section  avia-builder-el-last  flex_column_div  '     ><section  class='av_textblock_section av-lf849ytk-7a3f83cfc99a9dc6fb347b4b4824860f '   itemscope=\"itemscope\" itemtype=\"https:\/\/schema.org\/CreativeWork\" ><div class='avia_textblock'  itemprop=\"text\" ><p>Zahlreiche Produkte der\u00a0<strong><span style=\"color: #000000;\">Medizintechnik<\/span><\/strong>\u00a0verlangen nach pr\u00e4zisen L\u00f6sungen. Hacker Feinmechanik fertigt hochwertige Drehteile ebenso wie Fr\u00e4steile und mechanische Komponenten aus Metall, die im technischen Medizinbereich Einsatz finden.<\/p>\n<h5><span style=\"color: #00519e;\">Nachfolgend einige Beispiele, welche die Vielfalt der Anwendungsm\u00f6glichkeiten verdeutlicht:<\/span><\/h5>\n<ul>\n<li>Prothetik<\/li>\n<li>Orthetik<\/li>\n<li>Rollst\u00fchle<\/li>\n<li>Dentaltechnik<\/li>\n<li>Endoskopie \/ Optotechnik<\/li>\n<li>Analytik<\/li>\n<\/ul>\n<p>Ihr Medizintechnik-Bereich ist nicht aufgelistet? Gerne k\u00f6nnen Sie sich an uns wenden, vielleicht haben wir ja auch die passende L\u00f6sung f\u00fcr Ihr Unternehmen.<\/p>\n<\/div><\/section><\/div>\n<\/div><\/div><\/div><!-- close content main div --><\/div><\/div>\n<style type=\"text\/css\" data-created_by=\"avia_inline_auto\" id=\"style-css-av-lhpzz613-8a17e99312e3171b205e1758d9cfbf7f\">\n.avia-section.av-lhpzz613-8a17e99312e3171b205e1758d9cfbf7f{\nbackground-color:#00519e;\nbackground-image:unset;\n}\n<\/style>\n<div id='av_section_1'  class='avia-section av-lhpzz613-8a17e99312e3171b205e1758d9cfbf7f main_color avia-section-default avia-no-border-styling  avia-builder-el-7  el_after_av_one_half  avia-builder-el-last  avia-bg-style-scroll container_wrap fullsize'  ><div class='container av-section-cont-open' ><div class='template-page content  av-content-full alpha units'><div class='post-entry post-entry-type-page post-entry-1922'><div class='entry-content-wrapper clearfix'>\n<div  class='flex_column av-hiaxi-6f465e0ba932d10e9e444546e52b5f2f av_one_half  avia-builder-el-8  el_before_av_one_half  avia-builder-el-first  first flex_column_div  '     ><style type=\"text\/css\" data-created_by=\"avia_inline_auto\" id=\"style-css-av-lf84ayxk-8446687e37ee9d7e8707102019ee2060\">\n#top .av_textblock_section.av-lf84ayxk-8446687e37ee9d7e8707102019ee2060 .avia_textblock{\nfont-size:36px;\ntext-align:center;\n}\n\n@media only screen and (max-width: 479px){ \n#top .av_textblock_section.av-lf84ayxk-8446687e37ee9d7e8707102019ee2060 .avia_textblock{\nfont-size:28px;\n}\n}\n<\/style>\n<section  class='av_textblock_section av-lf84ayxk-8446687e37ee9d7e8707102019ee2060 '   itemscope=\"itemscope\" itemtype=\"https:\/\/schema.org\/CreativeWork\" ><div class='avia_textblock'  itemprop=\"text\" ><div style=\"text-align: left;\"><span style=\"color: #ffffff;\">IHR ANSPRECHPARTNER:<\/span><\/div>\n<\/div><\/section><br \/>\n\n<style type=\"text\/css\" data-created_by=\"avia_inline_auto\" id=\"style-css-av-lf84bazw-b4d8846972506f4eb638a0bf9f0f4dd0\">\n#top .hr.av-lf84bazw-b4d8846972506f4eb638a0bf9f0f4dd0{\nmargin-top:10px;\nmargin-bottom:30px;\n}\n.hr.av-lf84bazw-b4d8846972506f4eb638a0bf9f0f4dd0 .hr-inner{\nwidth:80px;\nborder-color:#ffffff;\n}\n<\/style>\n<div  class='hr av-lf84bazw-b4d8846972506f4eb638a0bf9f0f4dd0 hr-custom  avia-builder-el-10  el_after_av_textblock  avia-builder-el-last  hr-left hr-icon-no'><span class='hr-inner inner-border-av-border-fat'><span class=\"hr-inner-style\"><\/span><\/span><\/div><\/p><\/div><div  class='flex_column av-p2cm-1a6988d108646a840e35357c490f290e av_one_half  avia-builder-el-11  el_after_av_one_half  avia-builder-el-last  flex_column_div  '     ><section  class='av_textblock_section av-lf84bk1c-ee0e008ad793a1a746c216bda4a0a369 '   itemscope=\"itemscope\" itemtype=\"https:\/\/schema.org\/CreativeWork\" ><div class='avia_textblock'  itemprop=\"text\" ><h3><span style=\"color: #ffffff;\"><strong>ALEXANDER WEBER<\/strong><\/span><\/h3>\n<\/div><\/section><br \/>\n\n<style type=\"text\/css\" data-created_by=\"avia_inline_auto\" id=\"style-css-av-7fxem-bf6fa75e8b71cf4f298ee4a7c5c06fc3\">\n#top .hr.hr-invisible.av-7fxem-bf6fa75e8b71cf4f298ee4a7c5c06fc3{\nheight:15px;\n}\n<\/style>\n<div  class='hr av-7fxem-bf6fa75e8b71cf4f298ee4a7c5c06fc3 hr-invisible  avia-builder-el-13  el_after_av_textblock  el_before_av_icon_box '><span class='hr-inner '><span class=\"hr-inner-style\"><\/span><\/span><\/div><br \/>\n\n<style type=\"text\/css\" data-created_by=\"avia_inline_auto\" id=\"style-css-av-lhpzyq2x-3ce59f4cc088853f44600eff451ab908\">\n.iconbox.av-lhpzyq2x-3ce59f4cc088853f44600eff451ab908 .iconbox_icon{\ncolor:#ffffff;\n}\n.iconbox.av-lhpzyq2x-3ce59f4cc088853f44600eff451ab908 .iconbox_icon.avia-svg-icon svg:first-child{\nfill:#ffffff;\nstroke:#ffffff;\n}\n<\/style>\n<article  class='iconbox iconbox_left av-lhpzyq2x-3ce59f4cc088853f44600eff451ab908  avia-builder-el-14  el_after_av_hr  el_before_av_icon_box '  itemscope=\"itemscope\" itemtype=\"https:\/\/schema.org\/CreativeWork\" ><div class=\"iconbox_content\"><header class=\"entry-content-header\" aria-label=\"Icon: \"><div class='iconbox_icon heading-color avia-iconfont avia-font-entypo-fontello' data-av_icon='\ue854' data-av_iconfont='entypo-fontello'  ><\/div><\/header><div class='iconbox_content_container '  itemprop=\"text\" ><h3><span style=\"color: #ffffff;\"><strong>\u00a0+49 991 99800-27<\/strong><\/span><\/h3>\n<\/div><\/div><footer class=\"entry-footer\"><\/footer><\/article><br \/>\n\n<style type=\"text\/css\" data-created_by=\"avia_inline_auto\" id=\"style-css-av-lhpzxy8j-72d8b96181f2f62766e175e3980364ba\">\n.iconbox.av-lhpzxy8j-72d8b96181f2f62766e175e3980364ba .iconbox_icon{\ncolor:#ffffff;\n}\n.iconbox.av-lhpzxy8j-72d8b96181f2f62766e175e3980364ba .iconbox_icon.avia-svg-icon svg:first-child{\nfill:#ffffff;\nstroke:#ffffff;\n}\n<\/style>\n<article  class='iconbox iconbox_left av-lhpzxy8j-72d8b96181f2f62766e175e3980364ba  avia-builder-el-15  el_after_av_icon_box  avia-builder-el-last '  itemscope=\"itemscope\" itemtype=\"https:\/\/schema.org\/CreativeWork\" ><div class=\"iconbox_content\"><header class=\"entry-content-header\" aria-label=\"Icon: \"><div class='iconbox_icon heading-color avia-iconfont avia-font-entypo-fontello' data-av_icon='\ue805' data-av_iconfont='entypo-fontello'  ><\/div><\/header><div class='iconbox_content_container '  itemprop=\"text\" ><h3><span style=\"color: #ffffff;\"><strong><a style=\"color: #ffffff;\" href=\"mailto:a.weber@hacker-feinmechanik.de\">\u00a0A.WEBER@HACKER-FEINMECHANIK.DE<\/a><\/strong><\/span><\/h3>\n<\/div><\/div><footer class=\"entry-footer\"><\/footer><\/article><\/p><\/div>\n","protected":false},"excerpt":{"rendered":"","protected":false},"author":2,"featured_media":0,"parent":0,"menu_order":0,"comment_status":"closed","ping_status":"closed","template":"","meta":{"footnotes":""},"class_list":["post-1922","page","type-page","status-publish","hentry"],"_links":{"self":[{"href":"https:\/\/hacker-feinmechanik.de\/en\/wp-json\/wp\/v2\/pages\/1922","targetHints":{"allow":["GET"]}}],"collection":[{"href":"https:\/\/hacker-feinmechanik.de\/en\/wp-json\/wp\/v2\/pages"}],"about":[{"href":"https:\/\/hacker-feinmechanik.de\/en\/wp-json\/wp\/v2\/types\/page"}],"author":[{"embeddable":true,"href":"https:\/\/hacker-feinmechanik.de\/en\/wp-json\/wp\/v2\/users\/2"}],"replies":[{"embeddable":true,"href":"https:\/\/hacker-feinmechanik.de\/en\/wp-json\/wp\/v2\/comments?post=1922"}],"version-history":[{"count":3,"href":"https:\/\/hacker-feinmechanik.de\/en\/wp-json\/wp\/v2\/pages\/1922\/revisions"}],"predecessor-version":[{"id":2793,"href":"https:\/\/hacker-feinmechanik.de\/en\/wp-json\/wp\/v2\/pages\/1922\/revisions\/2793"}],"wp:attachment":[{"href":"https:\/\/hacker-feinmechanik.de\/en\/wp-json\/wp\/v2\/media?parent=1922"}],"curies":[{"name":"wp","href":"https:\/\/api.w.org\/{rel}","templated":true}]}}